{"id":532,"date":"2024-11-11T20:21:40","date_gmt":"2024-11-11T20:21:40","guid":{"rendered":"https:\/\/www.barb.com.tr\/blog\/?page_id=532"},"modified":"2025-05-15T10:56:18","modified_gmt":"2025-05-15T10:56:18","slug":"ana-sayfa","status":"publish","type":"page","link":"https:\/\/www.barb.com.tr\/blog\/","title":{"rendered":"\u015eantiye K\u00fct\u00fcphanesi"},"content":{"rendered":"\n<p><\/p>\n\n\n\n<p><\/p>\n\n\n<ul class=\"wp-block-latest-posts__list wp-block-latest-posts\"><li><a class=\"wp-block-latest-posts__post-title\" href=\"https:\/\/www.barb.com.tr\/blog\/2024\/12\/03\/santiyede-excel-ve-onemi\/\">\u015eantiye&#8217;de Excel ve \u00d6nemi<\/a><\/li>\n<li><a class=\"wp-block-latest-posts__post-title\" href=\"https:\/\/www.barb.com.tr\/blog\/2024\/11\/23\/santiye-ekip-yonetimi-ve-organizasyonu\/\">\u015eantiye Ekip Y\u00f6netimi ve Organizasyonu<\/a><\/li>\n<li><a class=\"wp-block-latest-posts__post-title\" href=\"https:\/\/www.barb.com.tr\/blog\/2024\/11\/06\/santiye-teknik-ofis-nedir\/\">\u015eantiye Teknik Ofis Nedir ?<\/a><\/li>\n<\/ul>\n\n<div class=\"wp-block-post-date\"><time datetime=\"2024-11-11T20:21:40+00:00\">Kas\u0131m 11, 2024<\/time><\/div>\n\n\n<hr class=\"wp-block-separator has-alpha-channel-opacity\"\/>\n\n\n\n<div class=\"wp-block-columns is-layout-flex wp-container-core-columns-is-layout-1 wp-block-columns-is-layout-flex\">\n<div class=\"wp-block-column is-layout-flow wp-block-column-is-layout-flow\" style=\"flex-basis:33.33%\"><ul class=\"wp-block-archives-list wp-block-archives\">\t<li><a href='https:\/\/www.barb.com.tr\/blog\/2024\/12\/'>Aral\u0131k 2024<\/a><\/li>\n\t<li><a href='https:\/\/www.barb.com.tr\/blog\/2024\/11\/'>Kas\u0131m 2024<\/a><\/li>\n<\/ul><\/div>\n<\/div>\n\n\n\n<p><\/p>\n","protected":false},"excerpt":{"rendered":"","protected":false},"author":1,"featured_media":0,"parent":0,"menu_order":0,"comment_status":"closed","ping_status":"closed","template":"","meta":{"footnotes":""},"class_list":["post-532","page","type-page","status-publish","hentry"],"yoast_head":"<!-- This site is optimized with the Yoast SEO plugin v25.1 - https:\/\/yoast.com\/wordpress\/plugins\/seo\/ -->\r\n<title>\u015eantiye K\u00fct\u00fcphanesi - \u015eantiye K\u00fct\u00fcphanesi<\/title>\r\n<meta name=\"robots\" content=\"index, follow, max-snippet:-1, max-image-preview:large, max-video-preview:-1\" \/>\r\n<link rel=\"canonical\" href=\"https:\/\/www.barb.com.tr\/blog\/\" \/>\r\n<meta property=\"og:locale\" content=\"tr_TR\" \/>\r\n<meta property=\"og:type\" content=\"article\" \/>\r\n<meta property=\"og:title\" content=\"\u015eantiye K\u00fct\u00fcphanesi - \u015eantiye K\u00fct\u00fcphanesi\" \/>\r\n<meta property=\"og:url\" content=\"https:\/\/www.barb.com.tr\/blog\/\" \/>\r\n<meta property=\"og:site_name\" content=\"\u015eantiye K\u00fct\u00fcphanesi\" \/>\r\n<meta property=\"article:modified_time\" content=\"2025-05-15T10:56:18+00:00\" \/>\r\n<meta name=\"twitter:card\" content=\"summary_large_image\" \/>\r\n<script type=\"application\/ld+json\" class=\"yoast-schema-graph\">{\"@context\":\"https:\/\/schema.org\",\"@graph\":[{\"@type\":\"WebPage\",\"@id\":\"https:\/\/www.barb.com.tr\/blog\/\",\"url\":\"https:\/\/www.barb.com.tr\/blog\/\",\"name\":\"\u015eantiye K\u00fct\u00fcphanesi - \u015eantiye K\u00fct\u00fcphanesi\",\"isPartOf\":{\"@id\":\"https:\/\/www.barb.com.tr\/blog\/#website\"},\"datePublished\":\"2024-11-11T20:21:40+00:00\",\"dateModified\":\"2025-05-15T10:56:18+00:00\",\"breadcrumb\":{\"@id\":\"https:\/\/www.barb.com.tr\/blog\/#breadcrumb\"},\"inLanguage\":\"tr\",\"potentialAction\":[{\"@type\":\"ReadAction\",\"target\":[\"https:\/\/www.barb.com.tr\/blog\/\"]}]},{\"@type\":\"BreadcrumbList\",\"@id\":\"https:\/\/www.barb.com.tr\/blog\/#breadcrumb\",\"itemListElement\":[{\"@type\":\"ListItem\",\"position\":1,\"name\":\"Home\",\"item\":\"https:\/\/www.barb.com.tr\/blog\/\"},{\"@type\":\"ListItem\",\"position\":2,\"name\":\"\u015eantiye K\u00fct\u00fcphanesi\"}]},{\"@type\":\"WebSite\",\"@id\":\"https:\/\/www.barb.com.tr\/blog\/#website\",\"url\":\"https:\/\/www.barb.com.tr\/blog\/\",\"name\":\"\u015eantiye K\u00fct\u00fcphanesi\",\"description\":\"\u015eantiye ve Proje Deneyimleri\",\"publisher\":{\"@id\":\"https:\/\/www.barb.com.tr\/blog\/#organization\"},\"potentialAction\":[{\"@type\":\"SearchAction\",\"target\":{\"@type\":\"EntryPoint\",\"urlTemplate\":\"https:\/\/www.barb.com.tr\/blog\/?s={search_term_string}\"},\"query-input\":{\"@type\":\"PropertyValueSpecification\",\"valueRequired\":true,\"valueName\":\"search_term_string\"}}],\"inLanguage\":\"tr\"},{\"@type\":\"Organization\",\"@id\":\"https:\/\/www.barb.com.tr\/blog\/#organization\",\"name\":\"\u015eantiye K\u00fct\u00fcphanesi\",\"url\":\"https:\/\/www.barb.com.tr\/blog\/\",\"logo\":{\"@type\":\"ImageObject\",\"inLanguage\":\"tr\",\"@id\":\"https:\/\/www.barb.com.tr\/blog\/#\/schema\/logo\/image\/\",\"url\":\"https:\/\/www.barb.com.tr\/blog\/wp-content\/uploads\/2024\/10\/cropped-teknik5-removebg-preview.png\",\"contentUrl\":\"https:\/\/www.barb.com.tr\/blog\/wp-content\/uploads\/2024\/10\/cropped-teknik5-removebg-preview.png\",\"width\":150,\"height\":30,\"caption\":\"\u015eantiye K\u00fct\u00fcphanesi\"},\"image\":{\"@id\":\"https:\/\/www.barb.com.tr\/blog\/#\/schema\/logo\/image\/\"}}]}<\/script>\r\n<!-- \/ Yoast SEO plugin. -->","yoast_head_json":{"title":"\u015eantiye K\u00fct\u00fcphanesi - \u015eantiye K\u00fct\u00fcphanesi","robots":{"index":"index","follow":"follow","max-snippet":"max-snippet:-1","max-image-preview":"max-image-preview:large","max-video-preview":"max-video-preview:-1"},"canonical":"https:\/\/www.barb.com.tr\/blog\/","og_locale":"tr_TR","og_type":"article","og_title":"\u015eantiye K\u00fct\u00fcphanesi - \u015eantiye K\u00fct\u00fcphanesi","og_url":"https:\/\/www.barb.com.tr\/blog\/","og_site_name":"\u015eantiye K\u00fct\u00fcphanesi","article_modified_time":"2025-05-15T10:56:18+00:00","twitter_card":"summary_large_image","schema":{"@context":"https:\/\/schema.org","@graph":[{"@type":"WebPage","@id":"https:\/\/www.barb.com.tr\/blog\/","url":"https:\/\/www.barb.com.tr\/blog\/","name":"\u015eantiye K\u00fct\u00fcphanesi - \u015eantiye K\u00fct\u00fcphanesi","isPartOf":{"@id":"https:\/\/www.barb.com.tr\/blog\/#website"},"datePublished":"2024-11-11T20:21:40+00:00","dateModified":"2025-05-15T10:56:18+00:00","breadcrumb":{"@id":"https:\/\/www.barb.com.tr\/blog\/#breadcrumb"},"inLanguage":"tr","potentialAction":[{"@type":"ReadAction","target":["https:\/\/www.barb.com.tr\/blog\/"]}]},{"@type":"BreadcrumbList","@id":"https:\/\/www.barb.com.tr\/blog\/#breadcrumb","itemListElement":[{"@type":"ListItem","position":1,"name":"Home","item":"https:\/\/www.barb.com.tr\/blog\/"},{"@type":"ListItem","position":2,"name":"\u015eantiye K\u00fct\u00fcphanesi"}]},{"@type":"WebSite","@id":"https:\/\/www.barb.com.tr\/blog\/#website","url":"https:\/\/www.barb.com.tr\/blog\/","name":"\u015eantiye K\u00fct\u00fcphanesi","description":"\u015eantiye ve Proje Deneyimleri","publisher":{"@id":"https:\/\/www.barb.com.tr\/blog\/#organization"},"potentialAction":[{"@type":"SearchAction","target":{"@type":"EntryPoint","urlTemplate":"https:\/\/www.barb.com.tr\/blog\/?s={search_term_string}"},"query-input":{"@type":"PropertyValueSpecification","valueRequired":true,"valueName":"search_term_string"}}],"inLanguage":"tr"},{"@type":"Organization","@id":"https:\/\/www.barb.com.tr\/blog\/#organization","name":"\u015eantiye K\u00fct\u00fcphanesi","url":"https:\/\/www.barb.com.tr\/blog\/","logo":{"@type":"ImageObject","inLanguage":"tr","@id":"https:\/\/www.barb.com.tr\/blog\/#\/schema\/logo\/image\/","url":"https:\/\/www.barb.com.tr\/blog\/wp-content\/uploads\/2024\/10\/cropped-teknik5-removebg-preview.png","contentUrl":"https:\/\/www.barb.com.tr\/blog\/wp-content\/uploads\/2024\/10\/cropped-teknik5-removebg-preview.png","width":150,"height":30,"caption":"\u015eantiye K\u00fct\u00fcphanesi"},"image":{"@id":"https:\/\/www.barb.com.tr\/blog\/#\/schema\/logo\/image\/"}}]}},"_links":{"self":[{"href":"https:\/\/www.barb.com.tr\/blog\/wp-json\/wp\/v2\/pages\/532"}],"collection":[{"href":"https:\/\/www.barb.com.tr\/blog\/wp-json\/wp\/v2\/pages"}],"about":[{"href":"https:\/\/www.barb.com.tr\/blog\/wp-json\/wp\/v2\/types\/page"}],"author":[{"embeddable":true,"href":"https:\/\/www.barb.com.tr\/blog\/wp-json\/wp\/v2\/users\/1"}],"replies":[{"embeddable":true,"href":"https:\/\/www.barb.com.tr\/blog\/wp-json\/wp\/v2\/comments?post=532"}],"version-history":[{"count":14,"href":"https:\/\/www.barb.com.tr\/blog\/wp-json\/wp\/v2\/pages\/532\/revisions"}],"predecessor-version":[{"id":667,"href":"https:\/\/www.barb.com.tr\/blog\/wp-json\/wp\/v2\/pages\/532\/revisions\/667"}],"wp:attachment":[{"href":"https:\/\/www.barb.com.tr\/blog\/wp-json\/wp\/v2\/media?parent=532"}],"curies":[{"name":"wp","href":"https:\/\/api.w.org\/{rel}","templated":true}]}}